{"id":3213,"date":"2025-12-12T10:56:44","date_gmt":"2025-12-12T10:56:44","guid":{"rendered":"https:\/\/live1915.com\/?post_type=product&#038;p=3213"},"modified":"2025-12-12T11:13:19","modified_gmt":"2025-12-12T11:13:19","slug":"angula-congelada","status":"publish","type":"product","link":"https:\/\/live1915.com\/en\/product\/angula-congelada\/","title":{"rendered":"ANGULA CONGELADA"},"content":{"rendered":"<p>-Precio en \u20ac\/ envase.<\/p>\n<p>-Cada envase tiene un peso de 100 g.<\/p>\n<p>-Minimum purchase: 1 package.<\/p>\n<p>-To add more than 1 package to the cart: select more product units with the selector below.<\/p>\n<p>&nbsp;<\/p>","protected":false},"excerpt":{"rendered":"<p>-Precio en \u20ac\/ envase. -Cada envase tiene un peso de 100 g. -Compra m\u00ednima: 1 envase. -Para a\u00f1adir m\u00e1s de 1 envase al carrito: seleccionar m\u00e1s unidades de producto con el selector de abajo. &nbsp;<\/p>","protected":false},"featured_media":3027,"template":"","meta":[],"product_brand":[],"product_cat":[102],"product_tag":[],"class_list":{"0":"post-3213","1":"product","2":"type-product","3":"status-publish","4":"has-post-thumbnail","6":"product_cat-gourmet","8":"first","9":"instock","10":"taxable","11":"shipping-taxable","12":"purchasable","13":"product-type-simple"},"_links":{"self":[{"href":"https:\/\/live1915.com\/en\/wp-json\/wp\/v2\/product\/3213","targetHints":{"allow":["GET"]}}],"collection":[{"href":"https:\/\/live1915.com\/en\/wp-json\/wp\/v2\/product"}],"about":[{"href":"https:\/\/live1915.com\/en\/wp-json\/wp\/v2\/types\/product"}],"wp:featuredmedia":[{"embeddable":true,"href":"https:\/\/live1915.com\/en\/wp-json\/wp\/v2\/media\/3027"}],"wp:attachment":[{"href":"https:\/\/live1915.com\/en\/wp-json\/wp\/v2\/media?parent=3213"}],"wp:term":[{"taxonomy":"product_brand","embeddable":true,"href":"https:\/\/live1915.com\/en\/wp-json\/wp\/v2\/product_brand?post=3213"},{"taxonomy":"product_cat","embeddable":true,"href":"https:\/\/live1915.com\/en\/wp-json\/wp\/v2\/product_cat?post=3213"},{"taxonomy":"product_tag","embeddable":true,"href":"https:\/\/live1915.com\/en\/wp-json\/wp\/v2\/product_tag?post=3213"}],"curies":[{"name":"wp","href":"https:\/\/api.w.org\/{rel}","templated":true}]}}