{"id":3031,"date":"2023-11-26T05:48:58","date_gmt":"2023-11-26T05:48:58","guid":{"rendered":"https:\/\/live1915.com\/?post_type=product&#038;p=3031"},"modified":"2026-04-07T11:44:51","modified_gmt":"2026-04-07T11:44:51","slug":"aceite-de-oliva-suave-5l","status":"publish","type":"product","link":"https:\/\/live1915.com\/en\/product\/aceite-de-oliva-suave-5l\/","title":{"rendered":"ACEITE DE OLIVA SUAVE 5L"},"content":{"rendered":"","protected":false},"excerpt":{"rendered":"<p><span style=\"font-size: 14px\">-Precio en \u20ac\/garrafa.<br \/>\n-Cada Garrafa tiene un peso de 5L.<br \/>\n-Compra m\u00ednima: 1 garrafa .<br \/>\n-Para a\u00f1adir m\u00e1s de 1 garrafa al carrito: seleccionar m\u00e1s unidades de producto con el selector de abajo.<\/span><\/p>","protected":false},"featured_media":3032,"template":"","meta":[],"product_brand":[],"product_cat":[102],"product_tag":[],"class_list":{"0":"post-3031","1":"product","2":"type-product","3":"status-publish","4":"has-post-thumbnail","6":"product_cat-gourmet","8":"first","9":"instock","10":"taxable","11":"shipping-taxable","12":"purchasable","13":"product-type-simple"},"_links":{"self":[{"href":"https:\/\/live1915.com\/en\/wp-json\/wp\/v2\/product\/3031","targetHints":{"allow":["GET"]}}],"collection":[{"href":"https:\/\/live1915.com\/en\/wp-json\/wp\/v2\/product"}],"about":[{"href":"https:\/\/live1915.com\/en\/wp-json\/wp\/v2\/types\/product"}],"wp:featuredmedia":[{"embeddable":true,"href":"https:\/\/live1915.com\/en\/wp-json\/wp\/v2\/media\/3032"}],"wp:attachment":[{"href":"https:\/\/live1915.com\/en\/wp-json\/wp\/v2\/media?parent=3031"}],"wp:term":[{"taxonomy":"product_brand","embeddable":true,"href":"https:\/\/live1915.com\/en\/wp-json\/wp\/v2\/product_brand?post=3031"},{"taxonomy":"product_cat","embeddable":true,"href":"https:\/\/live1915.com\/en\/wp-json\/wp\/v2\/product_cat?post=3031"},{"taxonomy":"product_tag","embeddable":true,"href":"https:\/\/live1915.com\/en\/wp-json\/wp\/v2\/product_tag?post=3031"}],"curies":[{"name":"wp","href":"https:\/\/api.w.org\/{rel}","templated":true}]}}