{"id":3004,"date":"2022-12-16T03:50:54","date_gmt":"2022-12-16T03:50:54","guid":{"rendered":"https:\/\/live1915.com\/?post_type=product&#038;p=3004"},"modified":"2026-04-07T11:39:14","modified_gmt":"2026-04-07T11:39:14","slug":"aceite-de-girasol-alto-oleico-80","status":"publish","type":"product","link":"https:\/\/live1915.com\/en\/product\/aceite-de-girasol-alto-oleico-80\/","title":{"rendered":"ACEITE DE GIRASOL ALTO OLEICO 80% 25L"},"content":{"rendered":"","protected":false},"excerpt":{"rendered":"<p><span style=\"font-size: 14px\">-Precio en \u20ac\/garrafa.<br \/>\n-Cada Garrafa tiene un peso de 25L.<br \/>\n-Compra m\u00ednima: 1 garrafa .<br \/>\n-Para a\u00f1adir m\u00e1s de 1 garrafa al carrito: seleccionar m\u00e1s unidades de producto con el selector de abajo.<\/span><\/p>","protected":false},"featured_media":3008,"template":"","meta":[],"product_brand":[],"product_cat":[102],"product_tag":[],"class_list":{"0":"post-3004","1":"product","2":"type-product","3":"status-publish","4":"has-post-thumbnail","6":"product_cat-gourmet","8":"first","9":"instock","10":"taxable","11":"shipping-taxable","12":"purchasable","13":"product-type-simple"},"_links":{"self":[{"href":"https:\/\/live1915.com\/en\/wp-json\/wp\/v2\/product\/3004","targetHints":{"allow":["GET"]}}],"collection":[{"href":"https:\/\/live1915.com\/en\/wp-json\/wp\/v2\/product"}],"about":[{"href":"https:\/\/live1915.com\/en\/wp-json\/wp\/v2\/types\/product"}],"wp:featuredmedia":[{"embeddable":true,"href":"https:\/\/live1915.com\/en\/wp-json\/wp\/v2\/media\/3008"}],"wp:attachment":[{"href":"https:\/\/live1915.com\/en\/wp-json\/wp\/v2\/media?parent=3004"}],"wp:term":[{"taxonomy":"product_brand","embeddable":true,"href":"https:\/\/live1915.com\/en\/wp-json\/wp\/v2\/product_brand?post=3004"},{"taxonomy":"product_cat","embeddable":true,"href":"https:\/\/live1915.com\/en\/wp-json\/wp\/v2\/product_cat?post=3004"},{"taxonomy":"product_tag","embeddable":true,"href":"https:\/\/live1915.com\/en\/wp-json\/wp\/v2\/product_tag?post=3004"}],"curies":[{"name":"wp","href":"https:\/\/api.w.org\/{rel}","templated":true}]}}