{"id":2925,"date":"2021-09-22T10:19:49","date_gmt":"2021-09-22T10:19:49","guid":{"rendered":"https:\/\/live1915.com\/?post_type=product&#038;p=2925"},"modified":"2025-12-12T11:40:39","modified_gmt":"2025-12-12T11:40:39","slug":"coquinas","status":"publish","type":"product","link":"https:\/\/live1915.com\/en\/product\/coquinas\/","title":{"rendered":"COQUINAS"},"content":{"rendered":"","protected":false},"excerpt":{"rendered":"<p><a href=\"https:\/\/live1915.com\/en\/consulta-productos\/\">Consulta disponibilidad<\/a><\/p>\n<p><span style=\"font-size: 14px\">-Precio en \u20ac\/Malla.<br \/>\n-Cada malla pesa 0,500gr.<br \/>\n-Compra m\u00ednima: 1 Malla.<br \/>\n-Para a\u00f1adir m\u00e1s de 1 malla al carrito: seleccionar m\u00e1s unidades de producto con el selector de abajo.<\/span><\/p>","protected":false},"featured_media":2926,"template":"","meta":[],"product_brand":[],"product_cat":[43],"product_tag":[],"class_list":{"0":"post-2925","1":"product","2":"type-product","3":"status-publish","4":"has-post-thumbnail","6":"product_cat-marisco","8":"first","9":"onbackorder","10":"taxable","11":"shipping-taxable","12":"purchasable","13":"product-type-simple"},"_links":{"self":[{"href":"https:\/\/live1915.com\/en\/wp-json\/wp\/v2\/product\/2925","targetHints":{"allow":["GET"]}}],"collection":[{"href":"https:\/\/live1915.com\/en\/wp-json\/wp\/v2\/product"}],"about":[{"href":"https:\/\/live1915.com\/en\/wp-json\/wp\/v2\/types\/product"}],"wp:featuredmedia":[{"embeddable":true,"href":"https:\/\/live1915.com\/en\/wp-json\/wp\/v2\/media\/2926"}],"wp:attachment":[{"href":"https:\/\/live1915.com\/en\/wp-json\/wp\/v2\/media?parent=2925"}],"wp:term":[{"taxonomy":"product_brand","embeddable":true,"href":"https:\/\/live1915.com\/en\/wp-json\/wp\/v2\/product_brand?post=2925"},{"taxonomy":"product_cat","embeddable":true,"href":"https:\/\/live1915.com\/en\/wp-json\/wp\/v2\/product_cat?post=2925"},{"taxonomy":"product_tag","embeddable":true,"href":"https:\/\/live1915.com\/en\/wp-json\/wp\/v2\/product_tag?post=2925"}],"curies":[{"name":"wp","href":"https:\/\/api.w.org\/{rel}","templated":true}]}}