{"id":2915,"date":"2021-09-11T08:28:47","date_gmt":"2021-09-11T08:28:47","guid":{"rendered":"https:\/\/live1915.com\/?post_type=product&#038;p=2915"},"modified":"2025-02-17T06:47:46","modified_gmt":"2025-02-17T06:47:46","slug":"boqueron-mediano","status":"publish","type":"product","link":"https:\/\/live1915.com\/en\/product\/boqueron-mediano\/","title":{"rendered":"Medium anchovy"},"content":{"rendered":"","protected":false},"excerpt":{"rendered":"<p>-Price in \u20ac \/ kg.<br \/>\n-Minimum purchase: 1kg.<br \/>\n-Para a\u00f1adir m\u00e1s de 1 kg al carrito: seleccionar m\u00e1s unidades de producto con el selector de abajo<\/p>","protected":false},"featured_media":2284,"template":"","meta":[],"product_brand":[],"product_cat":[35],"product_tag":[],"class_list":{"0":"post-2915","1":"product","2":"type-product","3":"status-publish","4":"has-post-thumbnail","6":"product_cat-pescado","8":"first","9":"instock","10":"taxable","11":"shipping-taxable","12":"purchasable","13":"product-type-variable"},"_links":{"self":[{"href":"https:\/\/live1915.com\/en\/wp-json\/wp\/v2\/product\/2915","targetHints":{"allow":["GET"]}}],"collection":[{"href":"https:\/\/live1915.com\/en\/wp-json\/wp\/v2\/product"}],"about":[{"href":"https:\/\/live1915.com\/en\/wp-json\/wp\/v2\/types\/product"}],"wp:featuredmedia":[{"embeddable":true,"href":"https:\/\/live1915.com\/en\/wp-json\/wp\/v2\/media\/2284"}],"wp:attachment":[{"href":"https:\/\/live1915.com\/en\/wp-json\/wp\/v2\/media?parent=2915"}],"wp:term":[{"taxonomy":"product_brand","embeddable":true,"href":"https:\/\/live1915.com\/en\/wp-json\/wp\/v2\/product_brand?post=2915"},{"taxonomy":"product_cat","embeddable":true,"href":"https:\/\/live1915.com\/en\/wp-json\/wp\/v2\/product_cat?post=2915"},{"taxonomy":"product_tag","embeddable":true,"href":"https:\/\/live1915.com\/en\/wp-json\/wp\/v2\/product_tag?post=2915"}],"curies":[{"name":"wp","href":"https:\/\/api.w.org\/{rel}","templated":true}]}}