{"id":3,"date":"2020-04-29T12:15:08","date_gmt":"2020-04-29T12:15:08","guid":{"rendered":"http:\/\/live1915.com\/?page_id=3"},"modified":"2020-05-24T18:32:34","modified_gmt":"2020-05-24T18:32:34","slug":"politica-privacidad","status":"publish","type":"page","link":"https:\/\/live1915.com\/en\/politica-privacidad\/","title":{"rendered":"Pol\u00edtica de privacidad"},"content":{"rendered":"<div class=\"vc_row wpb_row row\"><div class=\"vc_column_container col-md-12\"><div class=\"wpb_wrapper vc_column-inner\"><div class=\"vc_empty_space\"   style=\"height: 150px\"><span class=\"vc_empty_space_inner\"><\/span><\/div><\/div><\/div><\/div><div class=\"vc_row wpb_row row\"><div class=\"vc_column_container col-md-12\"><div class=\"wpb_wrapper vc_column-inner\">\n\t<div class=\"wpb_text_column wpb_content_element\" >\n\t\t<div class=\"wpb_wrapper\">\n\t\t\t<p>Live Fish 1915 S.L. con domicilio en Mercamadrid, calle 29, edificio Atol\u00f3n, 28053, Madrid, Espa\u00f1a, direcci\u00f3n de correo electr\u00f3nico\u00a0<a href=\"mailto:live@live1915.com\">live@live1915.com<\/a>\u00a0y con CIF B87004693, figura debidamente inscrita en el Registro Mercantil de Madrid.<\/p>\n<p><strong>Condiciones generales del uso de la web<\/strong><\/p>\n<p>Live Fish 1915 S.L. le informa de que el acceso y uso de la p\u00e1gina web http:\/\/\u00a0<a href=\"https:\/\/live1915.com\/en\/\">www.live1915.com<\/a>\u00a0y todos los subdominios y directorios incluidos bajo la misma (en adelante, conjuntamente denominados como el Portal), as\u00ed como los contenidos, propuestas e im\u00e1genes que a trav\u00e9s de \u00e9l se puedan obtener, est\u00e1n sujetos a los t\u00e9rminos que se detallan en este Aviso Legal, sin perjuicio de que el acceso a alguno de \u00e9stos, pueda precisar de la aceptaci\u00f3n de unas Condiciones Generales, o particulares, adicionales.<\/p>\n<p>Por ello, si las consideraciones detalladas en este Aviso Legal no son de su conformidad, rogamos no haga uso del Portal, ya que cualquier uso que haga del mismo o de los servicios y contenidos en \u00e9l incluidos implicar\u00e1 la aceptaci\u00f3n de los t\u00e9rminos legales recogidos en este texto.<\/p>\n<p>Dado que, por la naturaleza de Internet, se pueda acceder al Portal desde cualquier parte del mundo, los contenidos del mismo, as\u00ed como los productos y servicios que en general ofrece Live Fish 1915 S.L. van dirigidos a usuarios que operan en cualquier pa\u00eds. No obstante lo anterior, al solicitar la adquisici\u00f3n de cualquier tipo de producto o contrataci\u00f3n de cualquier servicio ofrecido por Live Fish 1915 S.L., \u00e9sta se reserva el derecho a rechazar la venta y\/o prestaci\u00f3n requerida, en aquellos casos que estime oportuno.<\/p>\n<p>Live Fish 1915 S.L. se reserva el derecho a realizar cambios en el Portal sin previo aviso, con objeto de actualizar, corregir, modificar, a\u00f1adir o eliminar los contenidos e im\u00e1genes del Portal o de su dise\u00f1o. \u00c9stos se actualizan peri\u00f3dicamente. Debido a que la actualizaci\u00f3n de la informaci\u00f3n no es inmediata, le sugerimos que compruebe siempre la vigencia y exactitud de la informaci\u00f3n, servicios y contenidos recogidos en el Portal.<\/p>\n<p>Las condiciones y t\u00e9rminos que se recogen en el presente Aviso pueden variar, por lo que le invitamos a que revise estos t\u00e9rminos cuando visite de nuevo el Portal. Asimismo, el presente Aviso Legal se entender\u00e1 sin perjuicio de cualesquiera otras Condiciones Generales, y particulares, que regulen el acceso a contenidos y servicios concretos dentro del Portal.<\/p>\n<p>El usuario reconoce y acepta las condiciones de uso del Portal y se compromete a utilizarlo de conformidad con ellas. Asimismo, a hacer un uso adecuado de los servicios y contenidos del Portal y a no emplearlos para realizar actividades constitutivas de delito o il\u00edcitas.<\/p>\n<p>Derechos de propiedad intelectual e industrial<\/p>\n<p>Tanto el dise\u00f1o del Portal y sus c\u00f3digos fuente, como los logos, marcas y dem\u00e1s signos distintivos que aparecen en el mismo, pertenecen a Live Fish 1915 S.L. o entidades colaboradoras y est\u00e1n protegidos por los correspondientes derechos de propiedad intelectual e industrial. Igualmente est\u00e1n protegidos por los correspondientes derechos de propiedad intelectual e industrial las im\u00e1genes, logos y melod\u00edas, etc. contenidos en el servidor de Live Fish 1915 S.L.<\/p>\n<p>Su uso, reproducci\u00f3n, distribuci\u00f3n, comunicaci\u00f3n p\u00fablica, transformaci\u00f3n o cualquier otra actividad similar o an\u00e1loga, queda totalmente prohibida salvo que medie expresa autorizaci\u00f3n de Live Fish 1915 S.L.<\/p>\n<p>En todo caso, Live Fish 1915 S.L. declara su respeto a los derechos de propiedad intelectual e industrial de terceros; por ello, si considera que este sitio pudiera estar violando sus derechos, rogamos se ponga en contacto con Live Fish 1915 S.L. en la siguiente direcci\u00f3n de e-mail \u00ad\u00ad\u00ad\u00ad\u00ad\u00ad\u00ad\u00ad\u00ad\u00ad\u00ad\u00ad\u00ad<a href=\"mailto:live@live1915.com\">live@live1915.com<\/a>.<\/p>\n<p><strong>Links o hiperenlaces<\/strong><\/p>\n<p>Live Fish 1915 S.L. le facilitar\u00e1 el acceso a otras p\u00e1ginas web que consideramos pueden ser de su inter\u00e9s. El objetivo de dichos enlaces es \u00fanicamente facilitarle la b\u00fasqueda de los recursos que le puedan interesar a trav\u00e9s de Internet. No obstante, dichas p\u00e1ginas no le pertenecen, ni hace una revisi\u00f3n de sus contenidos y, por ello, no puede hacerse responsable de los mismos, del funcionamiento de la p\u00e1gina enlazada o de los posibles da\u00f1os que puedan derivarse del acceso o uso de la misma. Asimismo, Live Fish 1915 S.L., se muestra plenamente respetuosa con los derechos de propiedad intelectual o industrial que le puedan corresponder a terceras personas, sobre las p\u00e1ginas web a las que se refieran los citados enlaces. Por tal motivo, si considera que el establecimiento de los citados enlaces pudiera estar violando sus derechos, rogamos se ponga en contacto con Live Fish 1915 S.L. en la siguiente direcci\u00f3n de e-mail\u00a0<a href=\"mailto:live@live1915.com\">live@live1915.com<\/a><\/p>\n<p>Por otro lado, con car\u00e1cter general se autoriza el enlace de p\u00e1ginas web o de direcciones de correo electr\u00f3nico al Portal, excepci\u00f3n hecha de aquellos supuestos en los que, expresamente, Live Fish 1915 S.L. manifieste lo contrario. Adicionalmente, y en todo caso para entender aplicable dicha autorizaci\u00f3n general, dichos enlaces deber\u00e1n respetar, necesariamente, la siguiente condici\u00f3n: el establecimiento del enlace no supondr\u00e1, por s\u00ed mismo, ning\u00fan tipo de acuerdo, contrato, patrocinio ni recomendaci\u00f3n por parte de Live Fish 1915 S.L. de la p\u00e1gina que realiza el enlace.<\/p>\n<p>No obstante lo anterior, en cualquier momento Live Fish 1915 S.L. podr\u00e1 retirar la autorizaci\u00f3n mencionada en el p\u00e1rrafo anterior, sin necesidad de alegar causa alguna. En tal caso, la p\u00e1gina que haya realizado el enlace deber\u00e1 proceder a su inmediata supresi\u00f3n, tan pronto como reciba la notificaci\u00f3n de la revocaci\u00f3n de la autorizaci\u00f3n por parte de Live Fish 1915 S.L.<\/p>\n<p>Asimismo, si cualquier usuario observa alg\u00fan enlace hacia webs de terceros que contengan material inapropiado rogamos nos sea comunicado a la direcci\u00f3n de e-mail\u00a0<a href=\"mailto:live@live1915.\">live@live1915.<\/a>com para remover el enlace inmediatamente de nuestro Portal y poder tomar las medidas legales oportunas.<\/p>\n<p><strong>Frames<\/strong><\/p>\n<p>Live Fish 1915 S.L. proh\u00edbe expresamente la realizaci\u00f3n de \u201cframings\u201d o la utilizaci\u00f3n por parte de terceros de cualesquiera otros mecanismos que alteren el dise\u00f1o, configuraci\u00f3n original o contenidos de su Portal.<\/p>\n<p><strong>Publicidad<\/strong><\/p>\n<p>En el Portal se insertar\u00e1 aquella publicidad de Live Fish 1915 S.L. o de entidades anunciantes que consideremos pueda ser de su inter\u00e9s.<\/p>\n<p><strong>Cookies<\/strong><\/p>\n<p>Live Fish 1915 S.L. puede utilizar cookies cuando un usuario navega por sus sitios y p\u00e1ginas web. Las cookies que se puedan utilizar en los sitios y p\u00e1ginas web de Live Fish 1915 S.L. se asocian \u00fanicamente con el navegador de un ordenador determinado (un usuario an\u00f3nimo), y no proporcionan por s\u00ed mismas ning\u00fan dato personal del usuario. Las cookies sirven solo para fines exclusivamente internos, como son las estad\u00edsticas de acceso a este sitio web. Las cookies utilizadas no pueden leer los archivos cookie creados por otros proveedores o sitios web. El Usuario tiene la posibilidad de configurar su navegador para ser avisado en pantalla de la recepci\u00f3n de cookies y para impedir la instalaci\u00f3n de cookies en su disco duro. Por favor, consulte las instrucciones y manuales de su navegador para ampliar esta informaci\u00f3n. Para utilizar Live Fish 1915 S.L., no resulta necesario que el usuario permita la instalaci\u00f3n de las cookies enviadas por Live Fish 1915 S.L.<\/p>\n<p>Cookies usadas por Live Fish 1915 S.L.:<\/p>\n<p><strong>Funcionalidad (t\u00e9cnico)<\/strong><\/p>\n<p>Estas cookies son necesarias para la funcionalidad b\u00e1sica del sitio y, por lo tanto, siempre est\u00e1n habilitadas. Estas son cookies que le permiten reconocer al usuario que utiliza el sitio durante una sola sesi\u00f3n o, si es necesario, tambi\u00e9n en sesiones posteriores. Este tipo de cookie te permite completar el carrito, realizar transacciones de pago, resolver problemas de seguridad y garantizar el cumplimiento de las normativas vigentes.<\/p>\n<p><strong>Mejora de la experiencia de navegaci\u00f3n<\/strong><\/p>\n<p>Estas cookies nos permiten mejorar la funcionalidad del sitio haciendo un seguimiento de las p\u00e1ginas de productos que el usuario visita y los productos que compra. Esta informaci\u00f3n que es procesada autom\u00e1ticamente por nuestro sistema, gracias a un algoritmo de predicci\u00f3n personalizar\u00e1 las p\u00e1ginas destacando los productos considerados m\u00e1s interesantes para el usuario, creando as\u00ed la experiencia de navegaci\u00f3n mucho m\u00e1s af\u00edn a los gustos y a losintereses de este \u00faltimo.<\/p>\n<p><strong>Redes sociales y publicidad (perfiles de terceros)<\/strong><\/p>\n<p>Las cookies para las redes sociales ofrecen la posibilidad de conectarse a sus redes sociales y compartir contenido de nuestro sitio web a trav\u00e9s de las redes sociales. Las cookies para la publicidad (de terceros) recogen datos \u00fatiles que nos permiten brindar informaci\u00f3n de la publicidad basada en tus intereses, tanto dentro como fuera de del sitio web de livefish*. En algunos casos, estas cookies prev\u00e9n el procesamiento de sus datos personales. La desactivaci\u00f3n de estas cookies puede provocar la visualizaci\u00f3n de anuncios irrelevantes o impedir la conexi\u00f3n a Facebook, Twitter u otras redes sociales y \/ o compartir contenido en las redes sociales.<\/p>\n<p><strong>Privacidad<\/strong><\/p>\n<p>Live Fish 1915 S.L. cumple con las obligaciones impuestas en la legislaci\u00f3n vigente acerca de los tratamientos de datos de car\u00e1cter personal, garantizando la observancia de todas las obligaciones y derechos de los afectados en cuanto al tratamiento de datos personales.<\/p>\n<p>Asimismo, dando cumplimiento a lo dispuesto en la Ley 34\/2002, de 11 de julio, de Servicios de la Sociedad de la Informaci\u00f3n y de Comercio Electr\u00f3nico, Live Fish 1915 S.L. solicitar\u00e1 al usuario consentimiento previo para el env\u00edo de comunicaciones comerciales, en caso de que las mismas tuvieran lugar, observando igualmente todas las obligaciones y derechos de los usuarios. En virtud de lo anterior, los usuarios que deseen adquirir productos o hacer uso de los distintos servicios ofrecidos por Live Fish 1915 S.L. disponen en cada uno de los formularios de recepci\u00f3n de datos existentes en el Portal, de la informaci\u00f3n correspondiente a la identificaci\u00f3n del responsable del fichero, finalidades del tratamiento de sus datos, as\u00ed como a la posibilidad de ejercer los derechos que les asisten respecto al tratamiento de sus datos personales ante el responsable del fichero, todo ello mediante la lectura y previa aceptaci\u00f3n de la pol\u00edtica de privacidad de la empresa, quedando debidamente informados.<\/p>\n<p>Asimismo, en relaci\u00f3n a las im\u00e1genes que Live Fish 1915 S.L. pueda publicar en el Portal, declara que dispone del consentimiento de las personas que aparezcan en \u00e9stas, habiendo sido previamente informadas del destino de las mismas en los t\u00e9rminos legalmente establecidos, siendo adecuadas, pertinentes y no excesivas, conforme a su finalidad.<\/p>\n<p>Por otro lado, habr\u00e1 que tener en cuenta que el derecho a la propia imagen no impedir\u00e1 la informaci\u00f3n gr\u00e1fica sobre un suceso o acaecimiento p\u00fablico cuando la imagen de una persona determinada aparezca como meramente accesoria.<\/p>\n<p><strong>Responsabilidades del usuario<\/strong><\/p>\n<p>El usuario se compromete a utilizar los servicios del Portal de acuerdo con los t\u00e9rminos expresados en el presente Aviso Legal, siendo responsable de su uso correcto.<\/p>\n<p>El usuario que act\u00fae contra la imagen, buen nombre o reputaci\u00f3n de Live Fish 1915 S.L., as\u00ed como quien utilice il\u00edcita o fraudulentamente los dise\u00f1os, logos o contenidos del Portal y\/o viole en cualquier forma los derechos de propiedad intelectual e industrial del Portal o de los contenidos y propuestas de la misma, ser\u00e1 responsable frente a Live Fish 1915 S.L. de su actuaci\u00f3n.<\/p>\n<p><strong>Responsabilidades de Live Fish 1915 S.L.<\/strong><\/p>\n<p>Uso incorrecto del Portal: Live Fish 1915 S.L. ha creado el Portal para dar a conocer sus actividades y servicios, facilitando el acceso a los mismos, pero no puede controlar la utilizaci\u00f3n del Portal de forma distinta a la prevista en el presente Aviso Legal; por tanto, el acceso al Portal y el uso correcto de la informaci\u00f3n contenida en el mismo son responsabilidad de quien realiza estas acciones, no siendo responsable Live Fish 1915 S.L. por el uso incorrecto, il\u00edcito o negligente que del mismo pudiere hacer el usuario.<\/p>\n<p>Utilizaci\u00f3n de los contenidos: Live Fish 1915 S.L. facilita todos los contenidos de su Portal, bajo determinadas condiciones, y de buena fe, y realizar\u00e1 sus mejores esfuerzos para que los mismos est\u00e9n permanentemente actualizados y vigentes; no obstante, Live Fish 1915 S.L. no puede asumir responsabilidad alguna respecto al uso o acceso que realicen los usuarios fuera del \u00e1mbito al que se dirige el Portal, cuya responsabilidad final recaer\u00e1 sobre el usuario. Asimismo, Live Fish 1915 S.L. no va a poder controlar los contenidos que no hayan sido elaborados por ella o por terceros cumpliendo su encargo y, por tanto, no responder\u00e1 en ning\u00fan caso de los da\u00f1os, contenidos e indisponibilidades t\u00e9cnicas que pudieran causarse por parte de dichos terceros.<\/p>\n<p>Publicidad: Live Fish 1915 S.L. incluir\u00e1 en el Portal publicidad propia o de terceros para ofrecerle productos o servicios que entienda que pueden ser de su inter\u00e9s. Sin embargo, Live Fish 1915 S.L. no puede controlar la apariencia de dicha publicidad, ni la calidad y adecuaci\u00f3n de los servicios a que \u00e9sta se refiera, y, en consecuencia, Live Fish 1915 S.L. no responder\u00e1 de ning\u00fan da\u00f1o que se pudiera generar al usuario por dichas causas.<\/p>\n<p>Virus: Live Fish 1915 S.L. se compromete a aplicar todas las medidas necesarias para intentar garantizar al usuario la ausencia de virus, gusanos, caballos de Troya y elementos similares en su Portal. No obstante, estas medidas no son infalibles y, por ello, Live Fish 1915 S.L. no puede asegurar totalmente la ausencia de dichos elementos nocivos. En consecuencia, Live Fish 1915 S.L. no ser\u00e1 responsable de los da\u00f1os que los mismos pudieran producir al usuario.<\/p>\n<p>Fallos tecnol\u00f3gicos: Live Fish 1915 S.L. ha concluido todos los contratos necesarios para la continuidad de su Portal y realizar\u00e1 sus mejores esfuerzos para que el mismo no sufra interrupciones, pero no puede garantizar la ausencia de fallos tecnol\u00f3gicos, ni la permanente disponibilidad del Portal y de los contenidos publicados en \u00e9l y, en consecuencia, no asume responsabilidad alguna por los da\u00f1os y perjuicios que puedan generarse por la falta de disponibilidad y por los fallos en el acceso ocasionados por desconexiones, aver\u00edas, sobrecargas o ca\u00eddas de la red no imputables a Live Fish 1915 S.L.<\/p>\n<p><strong>Ley aplicable y jurisdicci\u00f3n<\/strong><\/p>\n<p>La ley aplicable en caso de disputa o conflicto de interpretaci\u00f3n de los t\u00e9rminos que conforman este Aviso Legal, as\u00ed como cualquier cuesti\u00f3n relacionada con los servicios del presente Portal, ser\u00e1 la ley espa\u00f1ola.<\/p>\n<p>Para la resoluci\u00f3n de cualquier conflicto que pueda surgir con ocasi\u00f3n de la visita al Portal o del uso de los contenidos que en \u00e9l se puedan publicar, \u00e9stos se dirimir\u00e1n en los Juzgados y Tribunales que correspondan.<\/p>\n<p><strong>INFORMACI\u00d3N ACERCA DEL TRATAMIENTO DE DATOS PERSONALES<\/strong><\/p>\n<p>Responsable del tratamiento: Live Fish 1915 S.L. C.I.F.: \u00ad\u00adB87004693 Inscrita en el Registro Mercantil de Madrid.<\/p>\n<p>Domicilio social: Mercamadrid, calle 29, edificio Atol\u00f3n, 28053, Madrid<\/p>\n<p>Datos de contacto del Delegado de Protecci\u00f3n de Datos (correo electr\u00f3nico):\u00a0<a href=\"mailto:live@live1915.com\">live@live1915.com<\/a><\/p>\n<p>Datos de contacto del Responsable de Seguridad (correo electr\u00f3nico):\u00a0<a href=\"mailto:live@live1915.com\">live@live1915.com<\/a><\/p>\n<p><strong>Finalidad:<\/strong><\/p>\n<p>La finalidad principal del tratamiento de sus datos personales en Live Fish 1915 S.L. es el mantenimiento de la relaci\u00f3n comercial de venta y servicio a domicilio establecida. Los datos ser\u00e1n conservados para su tratamiento en nuestros sistemas mientras se mantenga la relaci\u00f3n en base a la adquisici\u00f3n de productos de nuestro cat\u00e1logo de manera habitual.<\/p>\n<p>Finalidades adicionales: En base a sus consentimientos prestados, le informamos de los tratamientos de datos adicionales que podremos llevar a cabo.<\/p>\n<p>Sus datos podr\u00e1n ser tratados para el env\u00edo de informaci\u00f3n comercial, sobre nuestros productos, ofertas y novedades.<\/p>\n<p>Podremos elaborar perfiles en base a las preferencias por usted manifestadas con el fin de mejorar y personalizar la informaci\u00f3n y los servicios que le ofrecemos.<\/p>\n<p>Podremos tratar sus datos de alergias alimentarias para ofrecerle los productos de livefish* en base a sus necesidades.<\/p>\n<p><strong>Legitimaci\u00f3n:<\/strong><\/p>\n<p>El tratamiento de sus datos se encuentra legitimado en base a los consentimientos prestados y la formalizaci\u00f3n del documento de compra de productos, mediante el cual debe proporcionarnos su nombre, apellidos, direcci\u00f3n completa, tel\u00e9fono de contacto y email, como datos b\u00e1sicos sin los cuales no podr\u00eda ser prestado el servicio de manera efectiva.<\/p>\n<p><strong>Destinatarios:<\/strong><\/p>\n<p>No existen previsiones de cesiones de datos personales a terceras empresas sin consentimiento expreso de los titulares de los datos.<\/p>\n<p><strong>Derechos:<\/strong><\/p>\n<p>Tras facilitarnos sus datos personales, le informamos de los derechos que podr\u00e1 ejercitar ante Live Fish 1915 S.L. o su delegado de protecci\u00f3n de datos, en las direcciones puestas a su disposici\u00f3n en el punto 1 de \u00e9ste documento, y que le asisten:<\/p>\n<p>Tiene derecho a acceder a todos los datos personales que se encuentran en posesi\u00f3n de Live Fish 1915 S.L., as\u00ed como solicitar la modificaci\u00f3n de los mismos o su supresi\u00f3n en caso de que as\u00ed lo considere necesario.<\/p>\n<p>Podr\u00e1 solicitarnos que limitemos el tratamiento de sus datos, en cuyo caso \u00fanicamente los conservaremos para el ejercicio o la defensa de reclamaciones.<\/p>\n<p>Tambi\u00e9n podr\u00e1 oponerse al tratamiento de sus datos personales, por lo que Live Fish 1915 S.L. dejar\u00e1 de tratar sus datos salvo por motivos leg\u00edtimos imperiosos, o el ejercicio o la defensa de posibles reclamaciones.<\/p>\n<p>Podr\u00e1 solicitar la portabilidad de sus datos personales. En este caso le enviaremos sus datos personales mediante correo electr\u00f3nico a la direcci\u00f3n que nos proporcione en su solicitud, en formato texto, legible y adaptable a las necesidades de cualquier otro responsable del tratamiento, o bien procederemos a su transmisi\u00f3n al nuevo responsable del tratamiento en el mismo formato, a la direcci\u00f3n de correo electr\u00f3nico que nos indique en su solicitud.<\/p>\n<p>Usted podr\u00e1 ejercitar sus derechos de acceso, rectificaci\u00f3n, supresi\u00f3n, portabilidad, limitaci\u00f3n y oposici\u00f3n al tratamiento dirigiendo su solicitud a nuestro Delegado de Protecci\u00f3n de Datos.<\/p>\n<p>Tambi\u00e9n podr\u00e1 retirar los consentimientos que hubiera prestado de manera expresa, indic\u00e1ndolo en su solicitud.<\/p>\n<p>Le informamos que la autoridad de control competente en la protecci\u00f3n de sus datos personales es la Agencia Espa\u00f1ola de Protecci\u00f3n de datos, a la que podr\u00e1 dirigirse en cualquier momento en caso de no quedar satisfecho con la resoluci\u00f3n de su consulta o reclamaci\u00f3n, lo que podr\u00e1 realizar accediendo a su web\u00a0<a href=\"http:\/\/www.agpd.es\">www.agpd.es<\/a>.<\/p>\n<p>&nbsp;<\/p>\n\n\t\t<\/div>\n\t<\/div>\n<\/div><\/div><\/div>","protected":false},"excerpt":{"rendered":"Live Fish 1915 S.L. con domicilio en Mercamadrid, calle 29, edificio Atol\u00f3n, 28053, Madrid, Espa\u00f1a, direcci\u00f3n de correo electr\u00f3nico\u00a0live@live1915.com\u00a0y con CIF B87004693, figura debidamente inscrita en el Registro Mercantil de Madrid. Condiciones generales del uso de la web Live Fish 1915 S.L. le informa de que el acceso y uso de la p\u00e1gina web http:\/\/\u00a0www.live1915.com\u00a0y [...]","protected":false},"author":1,"featured_media":0,"parent":0,"menu_order":0,"comment_status":"closed","ping_status":"open","template":"","meta":{"footnotes":""},"class_list":["post-3","page","type-page","status-publish","hentry"],"_links":{"self":[{"href":"https:\/\/live1915.com\/en\/wp-json\/wp\/v2\/pages\/3","targetHints":{"allow":["GET"]}}],"collection":[{"href":"https:\/\/live1915.com\/en\/wp-json\/wp\/v2\/pages"}],"about":[{"href":"https:\/\/live1915.com\/en\/wp-json\/wp\/v2\/types\/page"}],"author":[{"embeddable":true,"href":"https:\/\/live1915.com\/en\/wp-json\/wp\/v2\/users\/1"}],"replies":[{"embeddable":true,"href":"https:\/\/live1915.com\/en\/wp-json\/wp\/v2\/comments?post=3"}],"version-history":[{"count":3,"href":"https:\/\/live1915.com\/en\/wp-json\/wp\/v2\/pages\/3\/revisions"}],"predecessor-version":[{"id":2242,"href":"https:\/\/live1915.com\/en\/wp-json\/wp\/v2\/pages\/3\/revisions\/2242"}],"wp:attachment":[{"href":"https:\/\/live1915.com\/en\/wp-json\/wp\/v2\/media?parent=3"}],"curies":[{"name":"wp","href":"https:\/\/api.w.org\/{rel}","templated":true}]}}