{"id":2409,"date":"2020-06-02T17:10:13","date_gmt":"2020-06-02T17:10:13","guid":{"rendered":"https:\/\/live1915.com\/?page_id=2409"},"modified":"2023-11-29T13:50:51","modified_gmt":"2023-11-29T13:50:51","slug":"particulares","status":"publish","type":"page","link":"https:\/\/live1915.com\/en\/particulares\/","title":{"rendered":"Particulares"},"content":{"rendered":"<div class=\"vc_row wpb_row row\"><div class=\"vc_column_container col-md-12\"><div class=\"wpb_wrapper vc_column-inner\"><div class=\"vc_empty_space\"   style=\"height: 80px\"><span class=\"vc_empty_space_inner\"><\/span><\/div><\/div><\/div><\/div><div data-vc-full-width=\"true\" data-vc-full-width-init=\"false\" class=\"vc_row wpb_row bg-pos-bottom section section-parallax mt-0 mb-0 porto-inner-container\"><div class=\"porto-wrap-container container\"><div class=\"row\"><div class=\"vc_column_container col-md-6 vc_custom_1591114440344\"><div class=\"wpb_wrapper vc_column-inner\"><div class=\"vc_empty_space\"   style=\"height: 28px\"><span class=\"vc_empty_space_inner\"><\/span><\/div><h1 style=\"font-weight:200\" data-appear-animation=\"fadeInLeft\" data-appear-animation-delay=\"100\" class=\"vc_custom_heading align-left\">\u00bfAny questions? <strong> Contact us <\/strong> we will be glad to help you!<\/h1>\n\t<div class=\"wpb_single_image wpb_content_element vc_align_left  vc_custom_1591113984451\"data-appear-animation=\"fadeInLeft\" data-appear-animation-delay=\"200\">\n\t\t<div class=\"wpb_wrapper\">\n\t\t\t\n\t\t\t<div class=\"vc_single_image-wrapper   vc_box_border_grey\"><img loading=\"lazy\" decoding=\"async\" class=\"vc_single_image-img\" src=\"https:\/\/live1915.com\/wp-content\/uploads\/2020\/05\/1-puntitos-05-110x10.png\" width=\"110\" height=\"10\" alt=\"puntitos-05\" title=\"puntitos-05\" \/><\/div>\n\t\t<\/div>\n\t<\/div>\n\n\t<div class=\"wpb_text_column wpb_content_element  wpb_animate_when_almost_visible wpb_fadeInLeft fadeInLeft vc_custom_1591117923050\" >\n\t\t<div class=\"wpb_wrapper\">\n\t\t\t<p><span style=\"font-size: 14px;\">Contact us through the form indicating your query, and we will answer you as soon as possible to answer all your questions.<\/span><\/p>\n\n\t\t<\/div>\n\t<\/div>\n<a class=\"porto-sicon-box-link\" href=\"tel:+18001234567\" title='tel:+18001234567'><div class=\"porto-sicon-box  vc_custom_1701265849300  wpb_custom_2c39dcb12c192c6ff4e3e734f9c7c3d1 style_1 default-icon flex-wrap\"><div class=\"porto-sicon-header\"><h3 class=\"porto-sicon-title\" style=\"font-size:11px;\">TEL\u00c9FONO<\/h3><\/div> <!-- header --><div class=\"porto-sicon-description\" style=\"font-size:21px;letter-spacing:1;color:#cba554;\"><a href=\"callto:918198081\">918 198 081<\/a><\/p>\n<p><\/div> <!-- description --><\/div><!-- porto-sicon-box --><\/a><div class=\"vc_empty_space\"   style=\"height: 32px\"><span class=\"vc_empty_space_inner\"><\/span><\/div><a class=\"porto-sicon-box-link\" href=\"mailto:you@domain.com\" title='mailto:you@domain.com'><div class=\"porto-sicon-box  wpb_custom_2c39dcb12c192c6ff4e3e734f9c7c3d1 style_1 default-icon flex-wrap\"><div class=\"porto-sicon-header\"><h3 class=\"porto-sicon-title\" style=\"font-size:11px;\">CORREO<\/h3><\/div> <!-- header --><div class=\"porto-sicon-description\" style=\"font-size:21px;color:#cba554;\"><a href=\"mailto:live@live1915.com\">live@live1915.com<\/a><\/div> <!-- description --><\/div><!-- porto-sicon-box --><\/a><a class=\"porto-sicon-box-link\" href=\"tel:+18001234567\" title='tel:+18001234567'><div class=\"porto-sicon-box  vc_custom_1598434728978  wpb_custom_2c39dcb12c192c6ff4e3e734f9c7c3d1 style_1 default-icon flex-wrap\"><div class=\"porto-sicon-header\"><h3 class=\"porto-sicon-title\" style=\"font-size:11px;\">WHATSAPP<\/h3><\/div> <!-- header --><div class=\"porto-sicon-description\" style=\"font-size:21px;color:#cba554;\"><a href=\"callto: 686185331\">686 185 331<\/a><\/p>\n<p>&nbsp;<\/p>\n<p><\/div> <!-- description --><\/div><!-- porto-sicon-box --><\/a><\/div><\/div><div class=\"vc_column_container col-md-12 col-lg-6 mt-0 mb-0 pt-0 pb-0 section-no-borders\"><div class=\"wpb_wrapper vc_column-inner\"><div class=\"vc_empty_space\"   style=\"height: 28px\"><span class=\"vc_empty_space_inner\"><\/span><\/div>\n<div class=\"wpcf7 no-js\" id=\"wpcf7-f2408-o1\" lang=\"en-US\" dir=\"ltr\" data-wpcf7-id=\"2408\">\n<div class=\"screen-reader-response\"><p role=\"status\" aria-live=\"polite\" aria-atomic=\"true\"><\/p> <ul><\/ul><\/div>\n<form action=\"\/en\/wp-json\/wp\/v2\/pages\/2409#wpcf7-f2408-o1\" method=\"post\" class=\"wpcf7-form init\" aria-label=\"Contact form\" novalidate=\"novalidate\" data-status=\"init\" data-trp-original-action=\"\/en\/wp-json\/wp\/v2\/pages\/2409#wpcf7-f2408-o1\">\n<fieldset class=\"hidden-fields-container\"><input type=\"hidden\" name=\"_wpcf7\" value=\"2408\" \/><input type=\"hidden\" name=\"_wpcf7_version\" value=\"6.1.5\" \/><input type=\"hidden\" name=\"_wpcf7_locale\" value=\"en_US\" \/><input type=\"hidden\" name=\"_wpcf7_unit_tag\" value=\"wpcf7-f2408-o1\" \/><input type=\"hidden\" name=\"_wpcf7_container_post\" value=\"0\" \/><input type=\"hidden\" name=\"_wpcf7_posted_data_hash\" value=\"\" \/><input type=\"hidden\" name=\"_wpcf7_recaptcha_response\" value=\"\" \/>\n<\/fieldset>\n<div class=\"row\">\n\t<div class=\"col-lg-6\">\n\t\t<div class=\"form-group\">\n\t\t\t<p><span class=\"wpcf7-form-control-wrap\" data-name=\"your-name\"><input size=\"40\" maxlength=\"400\" class=\"wpcf7-form-control wpcf7-text wpcf7-validates-as-required form-control\" aria-required=\"true\" aria-invalid=\"false\" placeholder=\"Name*\" value=\"\" type=\"text\" name=\"your-name\" \/><\/span>\n\t\t\t<\/p>\n\t\t<\/div>\n\t<\/div>\n\t<div class=\"col-lg-6\">\n\t\t<div class=\"form-group\">\n\t\t\t<p><span class=\"wpcf7-form-control-wrap\" data-name=\"telefono\"><input size=\"40\" maxlength=\"400\" class=\"wpcf7-form-control wpcf7-tel wpcf7-text wpcf7-validates-as-tel form-control\" aria-invalid=\"false\" placeholder=\"Phone number\" value=\"\" type=\"tel\" name=\"telefono\" \/><\/span>\n\t\t\t<\/p>\n\t\t<\/div>\n\t<\/div>\n\t<div class=\"col-lg-12\">\n\t\t<div class=\"form-group\">\n\t\t\t<p><span class=\"wpcf7-form-control-wrap\" data-name=\"your-email\"><input size=\"40\" maxlength=\"400\" class=\"wpcf7-form-control wpcf7-email wpcf7-validates-as-required wpcf7-text wpcf7-validates-as-email form-control\" aria-required=\"true\" aria-invalid=\"false\" placeholder=\"Email*\" value=\"\" type=\"email\" name=\"your-email\" \/><\/span>\n\t\t\t<\/p>\n\t\t<\/div>\n\t<\/div>\n\t<div class=\"col-lg-12\">\n\t\t<div class=\"form-group\">\n\t\t\t<p><span class=\"wpcf7-form-control-wrap\" data-name=\"your-message\"><textarea cols=\"40\" rows=\"10\" maxlength=\"2000\" class=\"wpcf7-form-control wpcf7-textarea form-control\" aria-invalid=\"false\" placeholder=\"Tell us how can we help you.\" name=\"your-message\"><\/textarea><\/span>\n\t\t\t<\/p>\n\t\t<\/div>\n\t<\/div>\n<\/div>\n<p>How do you prefer we to contact you?<br \/>\n<span class=\"wpcf7-form-control-wrap\" data-name=\"Contacto\"><span class=\"wpcf7-form-control wpcf7-radio\"><span class=\"wpcf7-list-item first\"><label><input type=\"radio\" name=\"Contacto\" value=\"Email\" checked=\"checked\" \/><span class=\"wpcf7-list-item-label\">Email<\/span><\/label><\/span><span class=\"wpcf7-list-item last\"><label><input type=\"radio\" name=\"Contacto\" value=\"Tel\u00e9fono\" \/><span class=\"wpcf7-list-item-label\">Phone number<\/span><\/label><\/span><\/span><\/span>\n<\/p>\n<p><span class=\"wpcf7-form-control-wrap\" data-name=\"privacidad\"><span class=\"wpcf7-form-control wpcf7-acceptance\"><span class=\"wpcf7-list-item\"><label><input type=\"checkbox\" name=\"privacidad\" value=\"1\" aria-invalid=\"false\" \/><span class=\"wpcf7-list-item-label\">I've read and accept the <a href=\"https:\/\/live1915.com\/en\/politica-privacidad\/\">Privacy Policy<\/a><\/span><\/label><\/span><\/span><\/span><br \/>\n<input class=\"wpcf7-form-control wpcf7-submit has-spinner\" type=\"submit\" value=\"Send\" \/>\n<\/p><div class=\"wpcf7-response-output\" aria-hidden=\"true\"><\/div>\n<input type=\"hidden\" name=\"trp-form-language\" value=\"en\"\/><\/form>\n<\/div>\n<\/div><\/div><\/div><\/div><\/div><div class=\"vc_row-full-width vc_clearfix\"><\/div>","protected":false},"excerpt":{"rendered":"\u00bfTienes alguna duda? Cont\u00e1ctanos, estaremos encantados de ayudarte. Ponte en contacto con nosotros a trav\u00e9s del formulario indic\u00e1ndonos tu consulta, y te contestaremos cuanto antes para resolver todas tus dudas. TEL\u00c9FONO 918 198 081 CORREO live@live1915.com WHATSAPP 686 185 331 &nbsp; \u00bfC\u00f3mo prefieres que te contactemos? EmailTel\u00e9fono He le\u00eddo y acepto la Pol\u00edtica de Privacidad","protected":false},"author":1,"featured_media":0,"parent":0,"menu_order":0,"comment_status":"closed","ping_status":"closed","template":"","meta":{"footnotes":""},"class_list":["post-2409","page","type-page","status-publish","hentry"],"_links":{"self":[{"href":"https:\/\/live1915.com\/en\/wp-json\/wp\/v2\/pages\/2409","targetHints":{"allow":["GET"]}}],"collection":[{"href":"https:\/\/live1915.com\/en\/wp-json\/wp\/v2\/pages"}],"about":[{"href":"https:\/\/live1915.com\/en\/wp-json\/wp\/v2\/types\/page"}],"author":[{"embeddable":true,"href":"https:\/\/live1915.com\/en\/wp-json\/wp\/v2\/users\/1"}],"replies":[{"embeddable":true,"href":"https:\/\/live1915.com\/en\/wp-json\/wp\/v2\/comments?post=2409"}],"version-history":[{"count":12,"href":"https:\/\/live1915.com\/en\/wp-json\/wp\/v2\/pages\/2409\/revisions"}],"predecessor-version":[{"id":3042,"href":"https:\/\/live1915.com\/en\/wp-json\/wp\/v2\/pages\/2409\/revisions\/3042"}],"wp:attachment":[{"href":"https:\/\/live1915.com\/en\/wp-json\/wp\/v2\/media?parent=2409"}],"curies":[{"name":"wp","href":"https:\/\/api.w.org\/{rel}","templated":true}]}}