{"id":2237,"date":"2020-05-24T17:43:03","date_gmt":"2020-05-24T17:43:03","guid":{"rendered":"http:\/\/live1915.com\/?page_id=2237"},"modified":"2020-05-24T17:43:03","modified_gmt":"2020-05-24T17:43:03","slug":"aviso-legal","status":"publish","type":"page","link":"https:\/\/live1915.com\/en\/aviso-legal\/","title":{"rendered":"Aviso Legal"},"content":{"rendered":"<div class=\"vc_row wpb_row row\"><div class=\"vc_column_container col-md-12\"><div class=\"wpb_wrapper vc_column-inner\">\n\t<div class=\"wpb_text_column wpb_content_element\" >\n\t\t<div class=\"wpb_wrapper\">\n\t\t\t<p>Para dar cumplimiento a lo establecido en la Ley 34\/2002 de 11 de Julio, de Servicios de la Sociedad de la Informaci\u00f3n y de Comercio Electr\u00f3nico (LSSICE), a continuaci\u00f3n se indican los datos de informaci\u00f3n general del sitio web\u00a0<a href=\"http:\/\/www.live1915.\">www.live1915.<\/a>com<\/p>\n<p><strong>EMPRESA:<\/strong><\/p>\n<ul>\n<li>Live Fish 1915 S.L.<\/li>\n<li>C.I.F.: B87004693<\/li>\n<li>Inscrita en el Registro Mercantil de Madrid.<\/li>\n<li>Domicilio social: Mercamadrid, calle 29, edificio Atol\u00f3n, 28053, Madrid<\/li>\n<li>e-mail:\u00a0<a href=\"mailto:live@live1915.com\">live@live1915.com<\/a><\/li>\n<\/ul>\n<p><strong>Utilizaci\u00f3n del Sitio Web<\/strong><\/p>\n<p>El sitio Web es ofrecido con fines promocionales as\u00ed como de venta de productos alimenticios ultracongelados a trav\u00e9s de su tienda online. Live Fish 1915 S.L. podr\u00e1 dejar de prestar los servicios ofrecidos en este sitio Web sin mediar ninguna comunicaci\u00f3n con el usuario, lo que no acarrear\u00e1 ninguna obligaci\u00f3n legal para con el mismo o terceros.<\/p>\n<p><strong>Privacidad<\/strong><\/p>\n<p>La informaci\u00f3n que Live Fish 1915 S.L., recaba de los usuarios de este sitio web se utiliza exclusivamente para facilitar a los interesados que as\u00ed lo soliciten informaci\u00f3n y\/o para contestar a cuantas consultas estime oportunas el usuario, as\u00ed como los datos necesarios para poder tramitar el pedido que se efect\u00fae a trav\u00e9s de la tienda online.<\/p>\n<p>Para m\u00e1s informaci\u00f3n consulte nuestra Pol\u00edtica de Privacidad<\/p>\n<p><strong>V\u00ednculos a Terceros<\/strong><\/p>\n<p>En el caso de v\u00ednculos a sitios de terceros, el usuario pasar\u00e1 a estar regido por los T\u00e9rminos de Uso y Pol\u00edtica de Privacidad del nuevo sitio, aceptando que Live Fish 1915 S.L. no ser\u00e1 responsable ni tendr\u00e1 obligaci\u00f3n legal por el uso de tales sitios.<\/p>\n<p><strong>Propiedad Intelectual<\/strong><\/p>\n<p>Todos los textos e im\u00e1genes contenidos en el sitio Web de Live Fish 1915 S.L., poseen derechos de autor y no pueden ser reproducidos, en su totalidad o parte, sin autorizaci\u00f3n escrita de sus propietarios legales.<\/p>\n<p><strong>Modificaciones de los T\u00e9rminos de Uso y Pol\u00edtica de Privacidad<\/strong><\/p>\n<p>Live Fish 1915 S.L., se reserva el derecho de modificar sus T\u00e9rminos de Uso y Pol\u00edtica de Privacidad cuando lo considere adecuado. El usuario se obliga a revisar el contenido de estos T\u00e9rminos de Uso y Pol\u00edtica de Privacidad, ya que los mismos pueden ser modificados sin previo aviso. Asimismo, comprende y acepta todas y cada una de las cl\u00e1usulas contenidas en el presente documento. Es de la entera responsabilidad del usuario revisar los t\u00e9rminos antes mencionados.<\/p>\n\n\t\t<\/div>\n\t<\/div>\n<\/div><\/div><\/div>","protected":false},"excerpt":{"rendered":"Para dar cumplimiento a lo establecido en la Ley 34\/2002 de 11 de Julio, de Servicios de la Sociedad de la Informaci\u00f3n y de Comercio Electr\u00f3nico (LSSICE), a continuaci\u00f3n se indican los datos de informaci\u00f3n general del sitio web\u00a0www.live1915.com EMPRESA: Live Fish 1915 S.L. C.I.F.: B87004693 Inscrita en el Registro Mercantil de Madrid. Domicilio social: [...]","protected":false},"author":1,"featured_media":0,"parent":0,"menu_order":0,"comment_status":"closed","ping_status":"closed","template":"","meta":{"footnotes":""},"class_list":["post-2237","page","type-page","status-publish","hentry"],"_links":{"self":[{"href":"https:\/\/live1915.com\/en\/wp-json\/wp\/v2\/pages\/2237","targetHints":{"allow":["GET"]}}],"collection":[{"href":"https:\/\/live1915.com\/en\/wp-json\/wp\/v2\/pages"}],"about":[{"href":"https:\/\/live1915.com\/en\/wp-json\/wp\/v2\/types\/page"}],"author":[{"embeddable":true,"href":"https:\/\/live1915.com\/en\/wp-json\/wp\/v2\/users\/1"}],"replies":[{"embeddable":true,"href":"https:\/\/live1915.com\/en\/wp-json\/wp\/v2\/comments?post=2237"}],"version-history":[{"count":1,"href":"https:\/\/live1915.com\/en\/wp-json\/wp\/v2\/pages\/2237\/revisions"}],"predecessor-version":[{"id":2238,"href":"https:\/\/live1915.com\/en\/wp-json\/wp\/v2\/pages\/2237\/revisions\/2238"}],"wp:attachment":[{"href":"https:\/\/live1915.com\/en\/wp-json\/wp\/v2\/media?parent=2237"}],"curies":[{"name":"wp","href":"https:\/\/api.w.org\/{rel}","templated":true}]}}