{"id":2232,"date":"2020-05-24T17:08:00","date_gmt":"2020-05-24T17:08:00","guid":{"rendered":"http:\/\/live1915.com\/?page_id=2232"},"modified":"2020-05-24T17:22:08","modified_gmt":"2020-05-24T17:22:08","slug":"politica-de-cookies","status":"publish","type":"page","link":"https:\/\/live1915.com\/en\/politica-de-cookies\/","title":{"rendered":"Pol\u00edtica de Cookies"},"content":{"rendered":"<div class=\"vc_row wpb_row row\"><div class=\"vc_column_container col-md-12\"><div class=\"wpb_wrapper vc_column-inner\"><div class=\"vc_empty_space\"   style=\"height: 150px\"><span class=\"vc_empty_space_inner\"><\/span><\/div><\/div><\/div><\/div><div class=\"vc_row wpb_row row\"><div class=\"vc_column_container col-md-12\"><div class=\"wpb_wrapper vc_column-inner\">\n\t<div class=\"wpb_text_column wpb_content_element\" >\n\t\t<div class=\"wpb_wrapper\">\n\t\t\t<div class=\"cli_pg_page_contaner\">\n<h3>Pol\u00edtica de Cookies<\/h3>\n<div>En la aplicaci\u00f3n livefish1915 (en adelante, livefish), titularidad de Live Fish 1915 S.L. (en adelante, livefish), se emplean cookies para permitir y optimizar la utilizaci\u00f3n y disfrute de la web, as\u00ed como analizar ciertos comportamientos durante su uso y, en ocasiones, ofrecerle publicidad adaptada a sus h\u00e1bitos, preferencias y necesidades. El mero acceso a livefish supone la ubicaci\u00f3n de cookies en el dispositivo con que lo haga. Le recomendamos leer este documento para obtener m\u00e1s informaci\u00f3n al respecto.<div class=\"cli_user_consent_state\">Your current state: No consent given. <a class=\"cli_manage_current_consent\" style=\"cursor:pointer;text-decoration:underline;\">Manage your consent.<\/a> <\/div><\/div>\n<div>\n<p>&nbsp;<\/p>\n<\/div>\n<h3>1. \u00bfQu\u00e9 es una cookie?<\/h3>\n<div>Una cookie es un peque\u00f1o fichero de texto que se descarga en el equipo terminal con que se navegue por Internet o se descargue una app y que permite almacenar informaci\u00f3n que puede ser recuperada posteriormente para diversas finalidades.<\/div>\n<div>\n<p>&nbsp;<\/p>\n<\/div>\n<h3>2. Consentimiento<\/h3>\n<div>Al aceptar esta Pol\u00edtica de Cookies reconoce haber le\u00eddo el presente texto y consiente el uso de cookies a trav\u00e9s de livefish conforme a lo dispuesto en esta Pol\u00edtica de Cookies.En cualquier momento podr\u00e1 retirar su consentimiento al uso de cookies mediante las opciones de configuraci\u00f3n, si bien le informamos que algunas funcionalidades podr\u00edan dejar de funcionar.<\/div>\n<div>\n<p>&nbsp;<\/p>\n<\/div>\n<h3>3. Cookies empleadas en livefish<\/h3>\n<div>En concreto, el usuario consiente que livefish pueda utilizar las siguientes cookies:<\/div>\n<div>Seg\u00fan la entidad que las gestiona:<\/div>\n<ul>\n<li>Propias: se env\u00edan al terminal del usuario desde un dominio o equipo gestionado por livefish.<\/li>\n<li>De terceros: se env\u00edan al terminal del usuario desde un equipo o dominio gestionado por otra entidad que trata los datos obtenidos trav\u00e9s de las cookies.<\/li>\n<\/ul>\n<div>Seg\u00fan el plazo de tiempo que permanecen activas:<\/div>\n<ul>\n<li>De sesi\u00f3n: recaban y almacenan datos mientras el usuario accede al Sitio Web.<\/li>\n<li>Persistentes: recopilan datos almacenados en el terminal y son accedidos y tratados durante el periodo definido.<\/li>\n<\/ul>\n<div>Seg\u00fan su finalidad:<\/div>\n<ul>\n<li>Funcionales: permiten la navegaci\u00f3n a trav\u00e9s del Sitio Web y la utilizaci\u00f3n de diferentes servicios que existan en ellas (por ejemplo, controlar el tr\u00e1fico y comunicaci\u00f3n de datos, realizar el proceso de compra de un pedido, etc.).<\/li>\n<li>De personalizaci\u00f3n: permiten acceder al servicio en funci\u00f3n de caracter\u00edsticas predefinidas (por ejemplo, idioma, tipo de navegador, etc.).<\/li>\n<li>De an\u00e1lisis: permiten el seguimiento y an\u00e1lisis del comportamiento de los usuarios (por ejemplo., para la medici\u00f3n de actividad de la web, la elaboraci\u00f3n de perfiles de usuarios, etc.).<\/li>\n<li>Publicitarias y de publicidad comportamental: permiten la gesti\u00f3n de espacios publicitarios y almacenan informaci\u00f3n del comportamiento de los usuarios a trav\u00e9s de observaci\u00f3n continuada de h\u00e1bitos de navegaci\u00f3n que permiten desarrollar perfiles espec\u00edficos a los que ofrecer publicidad.<\/li>\n<\/ul>\n<\/div>\n<p><strong>Cookies propias<\/strong><\/p>\n<div class=\"cli_pg_page_contaner\">\n<table width=\"881\">\n<tbody>\n<tr>\n<td width=\"127\">Nombre<\/td>\n<td width=\"399\">Finalidad<\/td>\n<td width=\"173\">Origen<\/td>\n<td width=\"182\">Persistencia<\/td>\n<\/tr>\n<tr>\n<td>livefish<\/td>\n<td width=\"399\">Proporcionar la funcionalidad b\u00e1sica de la app, como por ejemplo, permanecer con la sesi\u00f3n iniciada entre diferentes<\/td>\n<td>LIVE FISH 1915 S.L.<\/td>\n<td>Hasta 2 a\u00f1os<\/td>\n<\/tr>\n<\/tbody>\n<\/table>\n<\/div>\n<div>\n<p><strong>Cookies de terceros<\/strong><\/p>\n<table width=\"881\">\n<tbody>\n<tr>\n<td width=\"127\">Nombre<\/td>\n<td width=\"399\">Finalidad<\/td>\n<td width=\"173\">Origen<\/td>\n<td width=\"182\">Persistencia<\/td>\n<\/tr>\n<tr>\n<td>Google analytics<\/td>\n<td>Analizar flujo de usuarios, sus clics, qu\u00e9 p\u00e1ginas se visitan<\/td>\n<td>GOOGLE<\/td>\n<td>Hasta 2 a\u00f1os<\/td>\n<\/tr>\n<tr>\n<td>Adwords<\/td>\n<td width=\"399\">La finalidad es la de ofrecer al usuario publicidad de livefish una vez \u00e9ste ha salido de la web de livefish. As\u00ed se puede conseguir ofrecer a dicho usuario informaci\u00f3n relevante o que anteriormente ha visitado.<\/td>\n<td>GOOGLE<\/td>\n<td>Hasta 2 a\u00f1os<\/td>\n<\/tr>\n<tr>\n<td>Facebook<\/td>\n<td width=\"399\">Cuando se realiza una campa\u00f1a de publicidad en facebook, esta cookie nos permite conocer si la campa\u00f1a ha sido efectiva o no al hacer un seguimiento de las p\u00e1ginas visitadas.<\/td>\n<td>FACEBOOK<\/td>\n<td>Hasta 2 a\u00f1os<\/td>\n<\/tr>\n<tr>\n<td>Instagram<\/td>\n<td width=\"399\">Cuando se realiza una campa\u00f1a de publicidad en instagram, esta cookie nos permite conocer si la campa\u00f1a ha sido efectiva o no al hacer un seguimiento de las p\u00e1ginas visitadas.<\/td>\n<td>INSTAGRAM<\/td>\n<td>Hasta 2 a\u00f1os<\/td>\n<\/tr>\n<\/tbody>\n<\/table>\n<\/div>\n<div class=\"cli_pg_page_contaner\">\n<div><\/div>\n<div>\u00a0<\/div>\n<div>\n<p>&nbsp;<\/p>\n<\/div>\n<h3>4. Gestiona tus permisos<\/h3>\n<div>Como se ha comentado anteriormente, tratamos cookies para distintas finalidades pero su misi\u00f3n principal es la del funcionamiento propio de la aplicaci\u00f3n y el an\u00e1lisis de datos que nos permitan la mejora continua.Para m\u00e1s informaci\u00f3n sobre c\u00f3mo gestionar las cookies visita\u00a0 wikipedia.org, www.allaboutcookies.org.<\/div>\n<div>\n<p>&nbsp;<\/p>\n<\/div>\n<h3>5. Gesti\u00f3n y desactivaci\u00f3n de cookies<\/h3>\n<div>Se pueden permitir, bloquear o eliminar a trav\u00e9s de la configuraci\u00f3n de las opciones del navegador instalado en el dispositivo.Para m\u00e1s informaci\u00f3n sobre c\u00f3m gestionar, eliminar o denegar cookies visita wikipedia.org, www.allaboutcookies.org. El usuario puede configurar su navegador para aceptar o rechazar, por defecto, todas las cookies o para recibir un aviso de la recepci\u00f3n de cada cookie y decidir en ese momento su implantaci\u00f3n o no.Los procedimientos para el bloqueo y eliminaci\u00f3n de las cookies pueden diferir de un navegador de Internet a otro, por lo que el usuario deber\u00e1 acudir a las instrucciones facilitadas por el navegador de Internet.<\/div>\n<\/div>\n\n\t\t<\/div>\n\t<\/div>\n<\/div><\/div><\/div>","protected":false},"excerpt":{"rendered":"Pol\u00edtica de Cookies En la aplicaci\u00f3n livefish1915 (en adelante, livefish), titularidad de Live Fish 1915 S.L. (en adelante, livefish), se emplean cookies para permitir y optimizar la utilizaci\u00f3n y disfrute de la web, as\u00ed como analizar ciertos comportamientos durante su uso y, en ocasiones, ofrecerle publicidad adaptada a sus h\u00e1bitos, preferencias y necesidades. El mero [...]","protected":false},"author":1,"featured_media":0,"parent":0,"menu_order":0,"comment_status":"closed","ping_status":"closed","template":"","meta":{"footnotes":""},"class_list":["post-2232","page","type-page","status-publish","hentry"],"_links":{"self":[{"href":"https:\/\/live1915.com\/en\/wp-json\/wp\/v2\/pages\/2232","targetHints":{"allow":["GET"]}}],"collection":[{"href":"https:\/\/live1915.com\/en\/wp-json\/wp\/v2\/pages"}],"about":[{"href":"https:\/\/live1915.com\/en\/wp-json\/wp\/v2\/types\/page"}],"author":[{"embeddable":true,"href":"https:\/\/live1915.com\/en\/wp-json\/wp\/v2\/users\/1"}],"replies":[{"embeddable":true,"href":"https:\/\/live1915.com\/en\/wp-json\/wp\/v2\/comments?post=2232"}],"version-history":[{"count":4,"href":"https:\/\/live1915.com\/en\/wp-json\/wp\/v2\/pages\/2232\/revisions"}],"predecessor-version":[{"id":2236,"href":"https:\/\/live1915.com\/en\/wp-json\/wp\/v2\/pages\/2232\/revisions\/2236"}],"wp:attachment":[{"href":"https:\/\/live1915.com\/en\/wp-json\/wp\/v2\/media?parent=2232"}],"curies":[{"name":"wp","href":"https:\/\/api.w.org\/{rel}","templated":true}]}}